{"id":193,"date":"2023-11-19T03:10:20","date_gmt":"2023-11-19T03:10:20","guid":{"rendered":"https:\/\/mardecksrl.com\/?page_id=193"},"modified":"2023-12-04T00:15:07","modified_gmt":"2023-12-04T00:15:07","slug":"inicio","status":"publish","type":"page","link":"https:\/\/mardecksrl.com\/","title":{"rendered":"Inicio"},"content":{"rendered":"<p>[et_pb_section fb_built=&#8221;1&#8243; fullwidth=&#8221;on&#8221; _builder_version=&#8221;4.23.1&#8243; _module_preset=&#8221;default&#8221; height_tablet=&#8221;&#8221; height_phone=&#8221;&#8221; height_last_edited=&#8221;on|phone&#8221; custom_margin=&#8221;0px||0px||false|false&#8221; global_colors_info=&#8221;{}&#8221;][et_pb_fullwidth_slider _builder_version=&#8221;4.23.1&#8243; _module_preset=&#8221;default&#8221; background_color=&#8221;RGBA(255,255,255,0)&#8221; text_orientation=&#8221;left&#8221; height=&#8221;80vh&#8221; height_tablet=&#8221;60vh&#8221; height_phone=&#8221;40vh&#8221; height_last_edited=&#8221;on|desktop&#8221; custom_padding=&#8221;100px||330px|||&#8221; animation_style=&#8221;slide&#8221; animation_direction=&#8221;left&#8221; auto=&#8221;on&#8221; auto_speed=&#8221;5000&#8243; hover_transition_duration=&#8221;150ms&#8221; hover_enabled=&#8221;0&#8243; global_colors_info=&#8221;{}&#8221; sticky_enabled=&#8221;0&#8243;][et_pb_slide heading=&#8221;MARDECK VILLAS&#8221; use_bg_overlay=&#8221;off&#8221; use_text_overlay=&#8221;on&#8221; _builder_version=&#8221;4.23.1&#8243; _module_preset=&#8221;default&#8221; header_level=&#8221;h2&#8243; header_text_align=&#8221;justify&#8221; header_text_color=&#8221;#FFFFFF&#8221; body_text_color=&#8221;#D6D6D6&#8243; body_font_size=&#8221;20px&#8221; background_image=&#8221;https:\/\/mardecksrl.com\/wp-content\/uploads\/2023\/12\/Carrusel3-2.jpg&#8221; background_enable_image=&#8221;on&#8221; hover_enabled=&#8221;0&#8243; header_font_size_tablet=&#8221;&#8221; header_font_size_phone=&#8221;&#8221; header_font_size_last_edited=&#8221;on|phone&#8221; header_text_shadow_style=&#8221;preset1&#8243; text_shadow_style=&#8221;preset1&#8243; global_colors_info=&#8221;{}&#8221; sticky_transition=&#8221;on&#8221; content_last_edited=&#8221;on|tablet&#8221; sticky_enabled=&#8221;0&#8243; header_font_last_edited=&#8221;on|desktop&#8221; body_font_size_last_edited=&#8221;on|tablet&#8221; body_font_size_phone=&#8221;15px&#8221; content_tablet=&#8221;<\/p>\n<p style=%22text-align: left;%22><span style=%22color: #003366;%22><\/span><\/p>\n<p style=%22text-align: left;%22><span style=%22color: #ffffff;%22>Tama\u00f1o de solar &#8211; 170 m2<\/span><\/p>\n<p style=%22text-align: left;%22><span style=%22color: #ffffff;%22>Tama\u00f1o de construcci\u00f3n &#8211; 95\u00a0 m2<\/span><\/p>\n<p>&#8221; content_phone=&#8221;<\/p>\n<p style=%22text-align: left;%22><span style=%22color: #003366;%22><\/span><\/p>\n<p style=%22text-align: left;%22><span style=%22color: #ffffff;%22>Tama\u00f1o de solar &#8211; 170 m2<\/span><\/p>\n<p style=%22text-align: left;%22><span style=%22color: #ffffff;%22>Tama\u00f1o de construcci\u00f3n &#8211; 95\u00a0 m2<\/span><\/p>\n<p>&#8221; body_font_size_tablet=&#8221;20px&#8221;]<\/p>\n<p style=\"text-align: left;\"><span style=\"color: #003366;\"><\/span><\/p>\n<p style=\"text-align: left;\"><span style=\"color: #ffffff;\">Tama\u00f1o de solar &#8211; 170 m2<\/span><\/p>\n<p style=\"text-align: left;\"><span style=\"color: #ffffff;\">Tama\u00f1o de construcci\u00f3n &#8211; 95\u00a0 m2<\/span><\/p>\n<p>[\/et_pb_slide][et_pb_slide _builder_version=&#8221;4.23.1&#8243; _module_preset=&#8221;default&#8221; background_image=&#8221;https:\/\/mardecksrl.com\/wp-content\/uploads\/2023\/12\/Carrusel1.jpg&#8221; background_enable_image=&#8221;on&#8221; global_colors_info=&#8221;{}&#8221; sticky_transition=&#8221;on&#8221;][\/et_pb_slide][et_pb_slide _builder_version=&#8221;4.23.1&#8243; _module_preset=&#8221;default&#8221; background_color=&#8221;RGBA(255,255,255,0)&#8221; background_enable_color=&#8221;on&#8221; background_image=&#8221;https:\/\/mardecksrl.com\/wp-content\/uploads\/2023\/12\/Carrusel2.jpg&#8221; background_enable_image=&#8221;on&#8221; global_colors_info=&#8221;{}&#8221; sticky_transition=&#8221;on&#8221;][\/et_pb_slide][\/et_pb_fullwidth_slider][\/et_pb_section]<\/p>\n","protected":false},"excerpt":{"rendered":"<p>Tama\u00f1o de solar &#8211; 170 m2 Tama\u00f1o de construcci\u00f3n &#8211; 95\u00a0 m2<\/p>\n","protected":false},"author":1,"featured_media":0,"parent":0,"menu_order":0,"comment_status":"closed","ping_status":"closed","template":"","meta":{"_et_pb_use_builder":"on","_et_pb_old_content":"","_et_gb_content_width":"","footnotes":""},"_links":{"self":[{"href":"https:\/\/mardecksrl.com\/index.php\/wp-json\/wp\/v2\/pages\/193"}],"collection":[{"href":"https:\/\/mardecksrl.com\/index.php\/wp-json\/wp\/v2\/pages"}],"about":[{"href":"https:\/\/mardecksrl.com\/index.php\/wp-json\/wp\/v2\/types\/page"}],"author":[{"embeddable":true,"href":"https:\/\/mardecksrl.com\/index.php\/wp-json\/wp\/v2\/users\/1"}],"replies":[{"embeddable":true,"href":"https:\/\/mardecksrl.com\/index.php\/wp-json\/wp\/v2\/comments?post=193"}],"version-history":[{"count":20,"href":"https:\/\/mardecksrl.com\/index.php\/wp-json\/wp\/v2\/pages\/193\/revisions"}],"predecessor-version":[{"id":330,"href":"https:\/\/mardecksrl.com\/index.php\/wp-json\/wp\/v2\/pages\/193\/revisions\/330"}],"wp:attachment":[{"href":"https:\/\/mardecksrl.com\/index.php\/wp-json\/wp\/v2\/media?parent=193"}],"curies":[{"name":"wp","href":"https:\/\/api.w.org\/{rel}","templated":true}]}}